{"id":2769,"date":"2025-12-03T16:42:43","date_gmt":"2025-12-03T15:42:43","guid":{"rendered":"https:\/\/www.bobobysag.com\/?post_type=product&#038;p=2769"},"modified":"2025-12-24T15:07:24","modified_gmt":"2025-12-24T14:07:24","slug":"samira","status":"publish","type":"product","link":"https:\/\/www.bobobysag.com\/?product=samira","title":{"rendered":"SAMIRA"},"content":{"rendered":"<p class=\"p1\">L\u2019ensemble Samaya incarne la sophistication fluide de la soie. La chemise oversize, \u00e0 manches courtes, offre une allure d\u00e9contract\u00e9e mais luxueuse, avec un tomb\u00e9 naturel qui glisse sur la silhouette. Le pantalon fluide compl\u00e8te l\u2019ensemble en apportant longueur, mouvement et l\u00e9g\u00e8ret\u00e9.<\/p>\n<p class=\"p1\">Un look pens\u00e9 pour une femme qui veut \u00eatre \u00e0 la fois libre, \u00e9l\u00e9gante et affirm\u00e9e sans effort, sans compromis.<\/p>\n<p class=\"p1\">D\u00e9tails :<\/p>\n<p class=\"p1\">Chemise oversize en soie<\/p>\n<p class=\"p1\">Coupe oversize, tomb\u00e9 ample et moderne<\/p>\n<p class=\"p1\">Manches courtes, nettes et minimalistes<\/p>\n<p class=\"p1\">Soie fluide, brillante ou mate selon ton tissu<\/p>\n<p class=\"p1\">Col simple, ligne \u00e9pur\u00e9e<\/p>\n<p class=\"p1\">Boutonnage discret<\/p>\n<p class=\"p1\">Attitude effortless mais tr\u00e8s premium<\/p>\n<p class=\"p1\">Pantalon fluide en soie<\/p>\n<p class=\"p1\">Coupe longue et fluide<\/p>\n<p class=\"p1\">Taille haute ou mi-haute selon ton mod\u00e8le<\/p>\n<p class=\"p1\">Mouvement a\u00e9rien \u00e0 chaque pas<\/p>\n<p class=\"p1\">Finitions proprement cousues<\/p>\n<p class=\"p1\">Silhouette \u00e9lanc\u00e9e et \u00e9l\u00e9gante<\/p>\n","protected":false},"excerpt":{"rendered":"<p>L\u2019ensemble Samaya incarne la sophistication fluide de la soie. La chemise oversize, \u00e0 manches courtes, offre une allure&hellip;<\/p>\n","protected":false},"featured_media":2446,"comment_status":"open","ping_status":"closed","template":"","meta":[],"product_brand":[],"product_cat":[159],"product_tag":[],"class_list":{"0":"post-2769","1":"product","2":"type-product","3":"status-publish","4":"has-post-thumbnail","6":"product_cat-ensembles","7":"pa_color-aubergine","8":"pa_color-blue","10":"first","11":"instock","12":"shipping-taxable","13":"purchasable","14":"product-type-simple"},"_links":{"self":[{"href":"https:\/\/www.bobobysag.com\/index.php?rest_route=\/wp\/v2\/product\/2769","targetHints":{"allow":["GET"]}}],"collection":[{"href":"https:\/\/www.bobobysag.com\/index.php?rest_route=\/wp\/v2\/product"}],"about":[{"href":"https:\/\/www.bobobysag.com\/index.php?rest_route=\/wp\/v2\/types\/product"}],"replies":[{"embeddable":true,"href":"https:\/\/www.bobobysag.com\/index.php?rest_route=%2Fwp%2Fv2%2Fcomments&post=2769"}],"version-history":[{"count":1,"href":"https:\/\/www.bobobysag.com\/index.php?rest_route=\/wp\/v2\/product\/2769\/revisions"}],"predecessor-version":[{"id":2770,"href":"https:\/\/www.bobobysag.com\/index.php?rest_route=\/wp\/v2\/product\/2769\/revisions\/2770"}],"wp:featuredmedia":[{"embeddable":true,"href":"https:\/\/www.bobobysag.com\/index.php?rest_route=\/wp\/v2\/media\/2446"}],"wp:attachment":[{"href":"https:\/\/www.bobobysag.com\/index.php?rest_route=%2Fwp%2Fv2%2Fmedia&parent=2769"}],"wp:term":[{"taxonomy":"product_brand","embeddable":true,"href":"https:\/\/www.bobobysag.com\/index.php?rest_route=%2Fwp%2Fv2%2Fproduct_brand&post=2769"},{"taxonomy":"product_cat","embeddable":true,"href":"https:\/\/www.bobobysag.com\/index.php?rest_route=%2Fwp%2Fv2%2Fproduct_cat&post=2769"},{"taxonomy":"product_tag","embeddable":true,"href":"https:\/\/www.bobobysag.com\/index.php?rest_route=%2Fwp%2Fv2%2Fproduct_tag&post=2769"}],"curies":[{"name":"wp","href":"https:\/\/api.w.org\/{rel}","templated":true}]}}