{"id":2764,"date":"2025-12-03T16:37:46","date_gmt":"2025-12-03T15:37:46","guid":{"rendered":"https:\/\/www.bobobysag.com\/?post_type=product&#038;p=2764"},"modified":"2026-03-28T14:02:04","modified_gmt":"2026-03-28T13:02:04","slug":"sirine-2","status":"publish","type":"product","link":"https:\/\/www.bobobysag.com\/?product=sirine-2","title":{"rendered":"SIRINE"},"content":{"rendered":"<p class=\"p1\">La chemise Sirine r\u00e9invente le coton avec une touche moderne et sensuelle. Sa coupe \u00e9pur\u00e9e est dynamis\u00e9e par un dos ouvert,que l\u2019on attache d\u00e9licatement gr\u00e2ce \u00e0 un lien travaill\u00e9. Le jaune poussin, lumineux et doux, apporte un \u00e9clat naturel \u00e0 la silhouette. Une pi\u00e8ce pens\u00e9e pour une allure fra\u00eeche, affirm\u00e9e et minimaliste un essentiel fort de la ligne Bobo by Sag.<\/p>\n<p class=\"p1\">D\u00e9tails :<\/p>\n<p class=\"p1\">Coton BLANC poussin, l\u00e9ger et respirant<\/p>\n<p class=\"p1\">Dos ouvert, attache par un n\u0153ud ou lien structur\u00e9<\/p>\n<p class=\"p1\">Coupe droite \u00e0 l\u2019avant, plus artistique \u00e0 l\u2019arri\u00e8re<\/p>\n<p class=\"p1\">Manches classiques<\/p>\n<p class=\"p1\">Encolure propre, minimaliste<\/p>\n<p class=\"p1\">Finitions nettes et premium<\/p>\n<p class=\"p1\">Pi\u00e8ce id\u00e9ale pour un look chic et moderne<\/p>\n","protected":false},"excerpt":{"rendered":"<p>La chemise Sirine r\u00e9invente le coton avec une touche moderne et sensuelle. Sa coupe \u00e9pur\u00e9e est dynamis\u00e9e par&hellip;<\/p>\n","protected":false},"featured_media":2457,"comment_status":"open","ping_status":"closed","template":"","meta":[],"product_brand":[],"product_cat":[165],"product_tag":[],"class_list":{"0":"post-2764","1":"product","2":"type-product","3":"status-publish","4":"has-post-thumbnail","6":"product_cat-chemises","8":"first","9":"instock","10":"shipping-taxable","11":"purchasable","12":"product-type-simple"},"_links":{"self":[{"href":"https:\/\/www.bobobysag.com\/index.php?rest_route=\/wp\/v2\/product\/2764","targetHints":{"allow":["GET"]}}],"collection":[{"href":"https:\/\/www.bobobysag.com\/index.php?rest_route=\/wp\/v2\/product"}],"about":[{"href":"https:\/\/www.bobobysag.com\/index.php?rest_route=\/wp\/v2\/types\/product"}],"replies":[{"embeddable":true,"href":"https:\/\/www.bobobysag.com\/index.php?rest_route=%2Fwp%2Fv2%2Fcomments&post=2764"}],"version-history":[{"count":1,"href":"https:\/\/www.bobobysag.com\/index.php?rest_route=\/wp\/v2\/product\/2764\/revisions"}],"predecessor-version":[{"id":2766,"href":"https:\/\/www.bobobysag.com\/index.php?rest_route=\/wp\/v2\/product\/2764\/revisions\/2766"}],"wp:featuredmedia":[{"embeddable":true,"href":"https:\/\/www.bobobysag.com\/index.php?rest_route=\/wp\/v2\/media\/2457"}],"wp:attachment":[{"href":"https:\/\/www.bobobysag.com\/index.php?rest_route=%2Fwp%2Fv2%2Fmedia&parent=2764"}],"wp:term":[{"taxonomy":"product_brand","embeddable":true,"href":"https:\/\/www.bobobysag.com\/index.php?rest_route=%2Fwp%2Fv2%2Fproduct_brand&post=2764"},{"taxonomy":"product_cat","embeddable":true,"href":"https:\/\/www.bobobysag.com\/index.php?rest_route=%2Fwp%2Fv2%2Fproduct_cat&post=2764"},{"taxonomy":"product_tag","embeddable":true,"href":"https:\/\/www.bobobysag.com\/index.php?rest_route=%2Fwp%2Fv2%2Fproduct_tag&post=2764"}],"curies":[{"name":"wp","href":"https:\/\/api.w.org\/{rel}","templated":true}]}}