{"id":2762,"date":"2025-12-03T16:35:11","date_gmt":"2025-12-03T15:35:11","guid":{"rendered":"https:\/\/www.bobobysag.com\/?post_type=product&#038;p=2762"},"modified":"2025-12-24T15:06:27","modified_gmt":"2025-12-24T14:06:27","slug":"najah","status":"publish","type":"product","link":"https:\/\/www.bobobysag.com\/?product=najah","title":{"rendered":"NAJAH"},"content":{"rendered":"<p class=\"p1\">La jupe Najah est une pi\u00e8ce midi taill\u00e9e en biais dans une somptueuse soie duchesse vert \u00e9meraude. Sa coupe cr\u00e9e un mouvement naturel, fluide et \u00e9l\u00e9gant, tout en \u00e9pousant subtilement la silhouette. Le tissu, \u00e0 la fois structur\u00e9 et lumineux, donne \u00e0 cette jupe une pr\u00e9sence exceptionnelle.<\/p>\n<p class=\"p1\">Un essentiel couture pour une allure sophistiqu\u00e9e, moderne et magn\u00e9tique.<\/p>\n<p class=\"p1\">D\u00e9tails :<\/p>\n<p class=\"p1\">Longueur midi<\/p>\n<p class=\"p1\">Tissu soie duchesse vert \u00e9meraude<\/p>\n<p class=\"p1\">Coupe en biais pour un tomb\u00e9 fluide et \u00e9l\u00e9gant<\/p>\n<p class=\"p1\">Taille nette, finitions couture<\/p>\n<p class=\"p1\">Silhouette f\u00e9minine, dynamique, premium<\/p>\n<p class=\"p1\">Id\u00e9ale pour \u00e9v\u00e9nements, soir\u00e9es, looks minimalistes<\/p>\n<p class=\"p1\">haut-de-gamme<\/p>\n","protected":false},"excerpt":{"rendered":"<p>La jupe Najah est une pi\u00e8ce midi taill\u00e9e en biais dans une somptueuse soie duchesse vert \u00e9meraude. Sa&hellip;<\/p>\n","protected":false},"featured_media":2403,"comment_status":"open","ping_status":"closed","template":"","meta":[],"product_brand":[],"product_cat":[163],"product_tag":[],"class_list":{"0":"post-2762","1":"product","2":"type-product","3":"status-publish","4":"has-post-thumbnail","6":"product_cat-jupes","8":"first","9":"instock","10":"shipping-taxable","11":"purchasable","12":"product-type-simple"},"_links":{"self":[{"href":"https:\/\/www.bobobysag.com\/index.php?rest_route=\/wp\/v2\/product\/2762","targetHints":{"allow":["GET"]}}],"collection":[{"href":"https:\/\/www.bobobysag.com\/index.php?rest_route=\/wp\/v2\/product"}],"about":[{"href":"https:\/\/www.bobobysag.com\/index.php?rest_route=\/wp\/v2\/types\/product"}],"replies":[{"embeddable":true,"href":"https:\/\/www.bobobysag.com\/index.php?rest_route=%2Fwp%2Fv2%2Fcomments&post=2762"}],"version-history":[{"count":1,"href":"https:\/\/www.bobobysag.com\/index.php?rest_route=\/wp\/v2\/product\/2762\/revisions"}],"predecessor-version":[{"id":2763,"href":"https:\/\/www.bobobysag.com\/index.php?rest_route=\/wp\/v2\/product\/2762\/revisions\/2763"}],"wp:featuredmedia":[{"embeddable":true,"href":"https:\/\/www.bobobysag.com\/index.php?rest_route=\/wp\/v2\/media\/2403"}],"wp:attachment":[{"href":"https:\/\/www.bobobysag.com\/index.php?rest_route=%2Fwp%2Fv2%2Fmedia&parent=2762"}],"wp:term":[{"taxonomy":"product_brand","embeddable":true,"href":"https:\/\/www.bobobysag.com\/index.php?rest_route=%2Fwp%2Fv2%2Fproduct_brand&post=2762"},{"taxonomy":"product_cat","embeddable":true,"href":"https:\/\/www.bobobysag.com\/index.php?rest_route=%2Fwp%2Fv2%2Fproduct_cat&post=2762"},{"taxonomy":"product_tag","embeddable":true,"href":"https:\/\/www.bobobysag.com\/index.php?rest_route=%2Fwp%2Fv2%2Fproduct_tag&post=2762"}],"curies":[{"name":"wp","href":"https:\/\/api.w.org\/{rel}","templated":true}]}}