{"id":2758,"date":"2025-12-03T16:31:30","date_gmt":"2025-12-03T15:31:30","guid":{"rendered":"https:\/\/www.bobobysag.com\/?post_type=product&#038;p=2758"},"modified":"2025-12-24T15:06:03","modified_gmt":"2025-12-24T14:06:03","slug":"malaika","status":"publish","type":"product","link":"https:\/\/www.bobobysag.com\/?product=malaika","title":{"rendered":"MALAIKA"},"content":{"rendered":"<p class=\"p1\">L\u2019ensemble Malaika joue sur l\u2019\u00e9quilibre entre sophistication et modernit\u00e9. Le blazer en soie, \u00e0 manches courtes, offre une silhouette l\u00e9g\u00e8re et ultra-contemporaine. La soie apporte un \u00e9clat subtil et un tomb\u00e9 raffin\u00e9, tandis que les manches courtes cr\u00e9ent une attitude plus affirm\u00e9e, presque sculpturale.<\/p>\n<p class=\"p1\">Le pantalon large vient allonger la silhouette et amplifier l\u2019effet de fluidit\u00e9. L\u2019ensemble donne une allure f\u00e9minine, \u00e9l\u00e9gante et ma\u00eetris\u00e9e une signature Bobo by Sag.<\/p>\n<p class=\"p1\">D\u00e9tails :<\/p>\n<p class=\"p1\">Blazer en soie \u00e0 manches courtes<\/p>\n<p class=\"p1\">Tissu soie cr\u00eape<\/p>\n<p class=\"p1\">Coupe classique mais modernis\u00e9e<\/p>\n<p class=\"p1\">Manches courtes, nettes et minimalistes<\/p>\n<p class=\"p1\">Encolure \u00e9pur\u00e9e<\/p>\n<p class=\"p1\">Ligne fluide mais structur\u00e9e<\/p>\n<p class=\"p1\">Boutonnage discret<\/p>\n<p class=\"p1\">Finitions premium<\/p>\n<p class=\"p1\">Pantalon large<\/p>\n<p class=\"p1\">Coupe tr\u00e8s large<\/p>\n<p class=\"p1\">Taille haute ou mi-haute<\/p>\n<p class=\"p1\">Tomb\u00e9 long et fluide<\/p>\n<p class=\"p1\">Mouvement ample<\/p>\n<p class=\"p1\">Finitions propres, couture invisible<\/p>\n","protected":false},"excerpt":{"rendered":"<p>L\u2019ensemble Malaika joue sur l\u2019\u00e9quilibre entre sophistication et modernit\u00e9. Le blazer en soie, \u00e0 manches courtes, offre une&hellip;<\/p>\n","protected":false},"featured_media":2449,"comment_status":"open","ping_status":"closed","template":"","meta":[],"product_brand":[],"product_cat":[161,159,170],"product_tag":[],"class_list":{"0":"post-2758","1":"product","2":"type-product","3":"status-publish","4":"has-post-thumbnail","6":"product_cat-blazers","7":"product_cat-ensembles","8":"product_cat-vestes","10":"first","11":"instock","12":"shipping-taxable","13":"purchasable","14":"product-type-simple"},"_links":{"self":[{"href":"https:\/\/www.bobobysag.com\/index.php?rest_route=\/wp\/v2\/product\/2758","targetHints":{"allow":["GET"]}}],"collection":[{"href":"https:\/\/www.bobobysag.com\/index.php?rest_route=\/wp\/v2\/product"}],"about":[{"href":"https:\/\/www.bobobysag.com\/index.php?rest_route=\/wp\/v2\/types\/product"}],"replies":[{"embeddable":true,"href":"https:\/\/www.bobobysag.com\/index.php?rest_route=%2Fwp%2Fv2%2Fcomments&post=2758"}],"version-history":[{"count":1,"href":"https:\/\/www.bobobysag.com\/index.php?rest_route=\/wp\/v2\/product\/2758\/revisions"}],"predecessor-version":[{"id":2759,"href":"https:\/\/www.bobobysag.com\/index.php?rest_route=\/wp\/v2\/product\/2758\/revisions\/2759"}],"wp:featuredmedia":[{"embeddable":true,"href":"https:\/\/www.bobobysag.com\/index.php?rest_route=\/wp\/v2\/media\/2449"}],"wp:attachment":[{"href":"https:\/\/www.bobobysag.com\/index.php?rest_route=%2Fwp%2Fv2%2Fmedia&parent=2758"}],"wp:term":[{"taxonomy":"product_brand","embeddable":true,"href":"https:\/\/www.bobobysag.com\/index.php?rest_route=%2Fwp%2Fv2%2Fproduct_brand&post=2758"},{"taxonomy":"product_cat","embeddable":true,"href":"https:\/\/www.bobobysag.com\/index.php?rest_route=%2Fwp%2Fv2%2Fproduct_cat&post=2758"},{"taxonomy":"product_tag","embeddable":true,"href":"https:\/\/www.bobobysag.com\/index.php?rest_route=%2Fwp%2Fv2%2Fproduct_tag&post=2758"}],"curies":[{"name":"wp","href":"https:\/\/api.w.org\/{rel}","templated":true}]}}