{"id":2756,"date":"2025-12-03T16:27:35","date_gmt":"2025-12-03T15:27:35","guid":{"rendered":"https:\/\/www.bobobysag.com\/?post_type=product&#038;p=2756"},"modified":"2025-12-24T15:05:48","modified_gmt":"2025-12-24T14:05:48","slug":"safia","status":"publish","type":"product","link":"https:\/\/www.bobobysag.com\/?product=safia","title":{"rendered":"SAFIA"},"content":{"rendered":"<p class=\"p1\">L\u2019ensemble Safia revisite le tailoring moderne avec une silhouette magnifique. Le blazer sur mesure, en blanc cass\u00e9, se distingue par une ligne \u00e9pur\u00e9e et une structure impeccable. Il tombe droit, avec une carrure l\u00e9g\u00e8rement marqu\u00e9e qui donne<\/p>\n<p class=\"p1\">du caract\u00e8re sans alourdir. Le pantalon large, fluide et allong\u00e9, cr\u00e9e un mouvement \u00e9l\u00e9gant \u00e0 chaque pas. L\u2019allure globale est minimaliste, graphique, et r\u00e9solument contemporaine une signature Bobo by Sag.<\/p>\n<p class=\"p1\">Un set pens\u00e9 pour la femme qui veut \u00eatre impeccable, forte et lumineuse, sans en faire trop.<\/p>\n<p class=\"p1\">D\u00e9tails :<\/p>\n<p class=\"p1\">Blazer Safia<\/p>\n<p class=\"p1\">Coupe sur mesure, l\u00e9g\u00e8rement oversize<\/p>\n<p class=\"p1\">Couleur blanc cass\u00e9<\/p>\n<p class=\"p1\">\u00c9paules structur\u00e9es<\/p>\n<p class=\"p1\">Ligne \u00e9pur\u00e9e, sans surcharge<\/p>\n<p class=\"p1\">Fermeture simple ou double selon ta version<\/p>\n<p class=\"p1\">Finitions premium, tomb\u00e9 net<\/p>\n<p class=\"p2\">Pantalon Safia<\/p>\n<p class=\"p1\">Coupe oversize<\/p>\n<p class=\"p1\">Bas tr\u00e8s large, effet allongeant<\/p>\n<p class=\"p1\">Taille haute ou interm\u00e9diaire<\/p>\n<p class=\"p1\">Tissu fluide, beau mouvement<\/p>\n<p class=\"p1\">Blanc cass\u00e9 coordonn\u00e9 au blazer<\/p>\n","protected":false},"excerpt":{"rendered":"<p>L\u2019ensemble Safia revisite le tailoring moderne avec une silhouette magnifique. Le blazer sur mesure, en blanc cass\u00e9, se&hellip;<\/p>\n","protected":false},"featured_media":2459,"comment_status":"open","ping_status":"closed","template":"","meta":[],"product_brand":[],"product_cat":[161,159,170],"product_tag":[],"class_list":{"0":"post-2756","1":"product","2":"type-product","3":"status-publish","4":"has-post-thumbnail","6":"product_cat-blazers","7":"product_cat-ensembles","8":"product_cat-vestes","10":"first","11":"instock","12":"shipping-taxable","13":"purchasable","14":"product-type-simple"},"_links":{"self":[{"href":"https:\/\/www.bobobysag.com\/index.php?rest_route=\/wp\/v2\/product\/2756","targetHints":{"allow":["GET"]}}],"collection":[{"href":"https:\/\/www.bobobysag.com\/index.php?rest_route=\/wp\/v2\/product"}],"about":[{"href":"https:\/\/www.bobobysag.com\/index.php?rest_route=\/wp\/v2\/types\/product"}],"replies":[{"embeddable":true,"href":"https:\/\/www.bobobysag.com\/index.php?rest_route=%2Fwp%2Fv2%2Fcomments&post=2756"}],"version-history":[{"count":1,"href":"https:\/\/www.bobobysag.com\/index.php?rest_route=\/wp\/v2\/product\/2756\/revisions"}],"predecessor-version":[{"id":2757,"href":"https:\/\/www.bobobysag.com\/index.php?rest_route=\/wp\/v2\/product\/2756\/revisions\/2757"}],"wp:featuredmedia":[{"embeddable":true,"href":"https:\/\/www.bobobysag.com\/index.php?rest_route=\/wp\/v2\/media\/2459"}],"wp:attachment":[{"href":"https:\/\/www.bobobysag.com\/index.php?rest_route=%2Fwp%2Fv2%2Fmedia&parent=2756"}],"wp:term":[{"taxonomy":"product_brand","embeddable":true,"href":"https:\/\/www.bobobysag.com\/index.php?rest_route=%2Fwp%2Fv2%2Fproduct_brand&post=2756"},{"taxonomy":"product_cat","embeddable":true,"href":"https:\/\/www.bobobysag.com\/index.php?rest_route=%2Fwp%2Fv2%2Fproduct_cat&post=2756"},{"taxonomy":"product_tag","embeddable":true,"href":"https:\/\/www.bobobysag.com\/index.php?rest_route=%2Fwp%2Fv2%2Fproduct_tag&post=2756"}],"curies":[{"name":"wp","href":"https:\/\/api.w.org\/{rel}","templated":true}]}}