{"id":2754,"date":"2025-12-03T16:24:41","date_gmt":"2025-12-03T15:24:41","guid":{"rendered":"https:\/\/www.bobobysag.com\/?post_type=product&#038;p=2754"},"modified":"2025-12-24T15:05:20","modified_gmt":"2025-12-24T14:05:20","slug":"noura","status":"publish","type":"product","link":"https:\/\/www.bobobysag.com\/?product=noura","title":{"rendered":"NOURA"},"content":{"rendered":"<p class=\"p1\">La robe Noura est une midi sculpt\u00e9e dans un brocard beige \u00e0 la texture lumineuse. Le tissu capte la lumi\u00e8re<\/p>\n<p class=\"p1\">avec une douceur particuli\u00e8re, cr\u00e9ant un \u00e9clat discret \u00e0 chaque mouvement. Sa coupe fluide et \u00e9pur\u00e9e met en valeur une f\u00e9minit\u00e9 moderne, \u00e9l\u00e9gante et sans artifice.<\/p>\n<p class=\"p1\">Une pi\u00e8ce pens\u00e9e pour celles qui veulent rayonner avec subtilit\u00e9, dans une esth\u00e9tique minimaliste et premium.<\/p>\n<p class=\"p1\">D\u00e9tails :<\/p>\n<p class=\"p1\">Longueur midi<\/p>\n<p class=\"p1\">Brocard beige textur\u00e9, l\u00e9g\u00e8rement iris\u00e9<\/p>\n<p class=\"p1\">Coupe fluide, \u00e9pur\u00e9e<\/p>\n<p class=\"p1\">Encolure sobre<\/p>\n<p class=\"p1\">Silhouette harmonieuse et f\u00e9minine<\/p>\n<p class=\"p1\">Finitions haute qualit\u00e9<\/p>\n","protected":false},"excerpt":{"rendered":"<p>La robe Noura est une midi sculpt\u00e9e dans un brocard beige \u00e0 la texture lumineuse. Le tissu capte&hellip;<\/p>\n","protected":false},"featured_media":2421,"comment_status":"open","ping_status":"closed","template":"","meta":[],"product_brand":[],"product_cat":[158],"product_tag":[],"class_list":{"0":"post-2754","1":"product","2":"type-product","3":"status-publish","4":"has-post-thumbnail","6":"product_cat-robes","8":"first","9":"instock","10":"shipping-taxable","11":"purchasable","12":"product-type-simple"},"_links":{"self":[{"href":"https:\/\/www.bobobysag.com\/index.php?rest_route=\/wp\/v2\/product\/2754","targetHints":{"allow":["GET"]}}],"collection":[{"href":"https:\/\/www.bobobysag.com\/index.php?rest_route=\/wp\/v2\/product"}],"about":[{"href":"https:\/\/www.bobobysag.com\/index.php?rest_route=\/wp\/v2\/types\/product"}],"replies":[{"embeddable":true,"href":"https:\/\/www.bobobysag.com\/index.php?rest_route=%2Fwp%2Fv2%2Fcomments&post=2754"}],"version-history":[{"count":1,"href":"https:\/\/www.bobobysag.com\/index.php?rest_route=\/wp\/v2\/product\/2754\/revisions"}],"predecessor-version":[{"id":2755,"href":"https:\/\/www.bobobysag.com\/index.php?rest_route=\/wp\/v2\/product\/2754\/revisions\/2755"}],"wp:featuredmedia":[{"embeddable":true,"href":"https:\/\/www.bobobysag.com\/index.php?rest_route=\/wp\/v2\/media\/2421"}],"wp:attachment":[{"href":"https:\/\/www.bobobysag.com\/index.php?rest_route=%2Fwp%2Fv2%2Fmedia&parent=2754"}],"wp:term":[{"taxonomy":"product_brand","embeddable":true,"href":"https:\/\/www.bobobysag.com\/index.php?rest_route=%2Fwp%2Fv2%2Fproduct_brand&post=2754"},{"taxonomy":"product_cat","embeddable":true,"href":"https:\/\/www.bobobysag.com\/index.php?rest_route=%2Fwp%2Fv2%2Fproduct_cat&post=2754"},{"taxonomy":"product_tag","embeddable":true,"href":"https:\/\/www.bobobysag.com\/index.php?rest_route=%2Fwp%2Fv2%2Fproduct_tag&post=2754"}],"curies":[{"name":"wp","href":"https:\/\/api.w.org\/{rel}","templated":true}]}}