{"id":2741,"date":"2025-12-03T16:07:02","date_gmt":"2025-12-03T15:07:02","guid":{"rendered":"https:\/\/www.bobobysag.com\/?post_type=product&#038;p=2741"},"modified":"2025-12-03T16:08:13","modified_gmt":"2025-12-03T15:08:13","slug":"makena","status":"publish","type":"product","link":"https:\/\/www.bobobysag.com\/?product=makena","title":{"rendered":"MAKENA"},"content":{"rendered":"<p class=\"p1\">Veste structur\u00e9e en brocard premium, travaill\u00e9e avec un volume sculptural sur les \u00e9paules. La coupe cintr\u00e9e dessine une silhouette \u00e9lanc\u00e9e et met en valeur la ligne de la taille. Le col en V apporte une touche moderne et affirme le port de t\u00eate. C\u2019est une pi\u00e8ce forte, pr\u00e9cise, pens\u00e9e pour une femme qui veut une allure noble,<\/p>\n<p class=\"p1\">contemporaine et assum\u00e9e.<\/p>\n<p class=\"p1\">D\u00e9tails :<\/p>\n<p class=\"p1\">\u00c9paules architecturales inspir\u00e9es des<\/p>\n<p class=\"p1\">silhouettes couture<\/p>\n<p class=\"p1\">Brocard textur\u00e9 avec relief feuilles \/ motifs<\/p>\n<p class=\"p1\">organiques<\/p>\n<p class=\"p1\">Boutons recouverts pour une touche luxe<\/p>\n<p class=\"p1\">Pinces internes pour affiner la taille<\/p>\n<p class=\"p1\">Longueur hanche pour \u00e9quilibrer la jupe ample<\/p>\n<p class=\"p1\">Doublure int\u00e9rieure pour un confort premium<\/p>\n","protected":false},"excerpt":{"rendered":"<p>Veste structur\u00e9e en brocard premium, travaill\u00e9e avec un volume sculptural sur les \u00e9paules. La coupe cintr\u00e9e dessine une&hellip;<\/p>\n","protected":false},"featured_media":2410,"comment_status":"open","ping_status":"closed","template":"","meta":[],"product_brand":[],"product_cat":[170],"product_tag":[],"class_list":{"0":"post-2741","1":"product","2":"type-product","3":"status-publish","4":"has-post-thumbnail","6":"product_cat-vestes","8":"first","9":"instock","10":"shipping-taxable","11":"purchasable","12":"product-type-simple"},"_links":{"self":[{"href":"https:\/\/www.bobobysag.com\/index.php?rest_route=\/wp\/v2\/product\/2741","targetHints":{"allow":["GET"]}}],"collection":[{"href":"https:\/\/www.bobobysag.com\/index.php?rest_route=\/wp\/v2\/product"}],"about":[{"href":"https:\/\/www.bobobysag.com\/index.php?rest_route=\/wp\/v2\/types\/product"}],"replies":[{"embeddable":true,"href":"https:\/\/www.bobobysag.com\/index.php?rest_route=%2Fwp%2Fv2%2Fcomments&post=2741"}],"version-history":[{"count":1,"href":"https:\/\/www.bobobysag.com\/index.php?rest_route=\/wp\/v2\/product\/2741\/revisions"}],"predecessor-version":[{"id":2742,"href":"https:\/\/www.bobobysag.com\/index.php?rest_route=\/wp\/v2\/product\/2741\/revisions\/2742"}],"wp:featuredmedia":[{"embeddable":true,"href":"https:\/\/www.bobobysag.com\/index.php?rest_route=\/wp\/v2\/media\/2410"}],"wp:attachment":[{"href":"https:\/\/www.bobobysag.com\/index.php?rest_route=%2Fwp%2Fv2%2Fmedia&parent=2741"}],"wp:term":[{"taxonomy":"product_brand","embeddable":true,"href":"https:\/\/www.bobobysag.com\/index.php?rest_route=%2Fwp%2Fv2%2Fproduct_brand&post=2741"},{"taxonomy":"product_cat","embeddable":true,"href":"https:\/\/www.bobobysag.com\/index.php?rest_route=%2Fwp%2Fv2%2Fproduct_cat&post=2741"},{"taxonomy":"product_tag","embeddable":true,"href":"https:\/\/www.bobobysag.com\/index.php?rest_route=%2Fwp%2Fv2%2Fproduct_tag&post=2741"}],"curies":[{"name":"wp","href":"https:\/\/api.w.org\/{rel}","templated":true}]}}