{"id":2737,"date":"2025-12-03T16:03:35","date_gmt":"2025-12-03T15:03:35","guid":{"rendered":"https:\/\/www.bobobysag.com\/?post_type=product&#038;p=2737"},"modified":"2025-12-24T15:01:56","modified_gmt":"2025-12-24T14:01:56","slug":"amani","status":"publish","type":"product","link":"https:\/\/www.bobobysag.com\/?product=amani","title":{"rendered":"AMANI"},"content":{"rendered":"<p class=\"p1\">Amani est une interpr\u00e9tation contemporaine de l\u2019\u00e9l\u00e9gance africaine. Le top en brocard bleu nuit, riche en texture, cr\u00e9e une architecture subtile : taille marqu\u00e9e, volume g\u00e9n\u00e9reux au niveau du peplum, manches amples et sculpturales. La structure du tissu apporte profondeur, relief et pr\u00e9sence.<\/p>\n<p class=\"p1\">En contraste, le pantalon en soie fluide glisse le long du corps pour allonger la silhouette. Sa coupe large \u00e9quilibre le volume du top et apporte cette allure minimaliste et pr\u00e9cise qui d\u00e9finit<\/p>\n<p class=\"p1\">l\u2019ADN de Bobo by Sag.<\/p>\n<p class=\"p1\">Amani incarne une f\u00e9minit\u00e9 puissante et sereine. Une tenue pens\u00e9e pour les femmes qui veulent affirmer leur pr\u00e9sence sans en faire trop juste ce qu\u2019il faut d\u2019aura.<\/p>\n<p class=\"p1\">Mati\u00e8re : Brocard textur\u00e9 premium<\/p>\n<p class=\"p1\">Couleur : Bleu nuit profond<\/p>\n<p class=\"p1\">Coupe : Cintr\u00e9e \u00e0 la taille<\/p>\n<p class=\"p1\">Volume : Peplum structur\u00e9<\/p>\n<p class=\"p1\">Manches : Longues, amples et sculpturales<\/p>\n<p class=\"p1\">Pantalon<\/p>\n<p class=\"p1\">Mati\u00e8re : Soie fluide ou satin haut de gamme (selon ta<\/p>\n<p class=\"p1\">mati\u00e8re)<\/p>\n<p class=\"p1\">Coupe : Large et allongeante<\/p>\n<p class=\"p1\">Taille : Haute Longueur : Maximaliste, couvrant l\u00e9g\u00e8rement la chaussure<\/p>\n","protected":false},"excerpt":{"rendered":"<p>Amani est une interpr\u00e9tation contemporaine de l\u2019\u00e9l\u00e9gance africaine. Le top en brocard bleu nuit, riche en texture, cr\u00e9e&hellip;<\/p>\n","protected":false},"featured_media":2738,"comment_status":"open","ping_status":"closed","template":"","meta":[],"product_brand":[],"product_cat":[159],"product_tag":[],"class_list":{"0":"post-2737","1":"product","2":"type-product","3":"status-publish","4":"has-post-thumbnail","6":"product_cat-ensembles","8":"first","9":"instock","10":"shipping-taxable","11":"purchasable","12":"product-type-simple"},"_links":{"self":[{"href":"https:\/\/www.bobobysag.com\/index.php?rest_route=\/wp\/v2\/product\/2737","targetHints":{"allow":["GET"]}}],"collection":[{"href":"https:\/\/www.bobobysag.com\/index.php?rest_route=\/wp\/v2\/product"}],"about":[{"href":"https:\/\/www.bobobysag.com\/index.php?rest_route=\/wp\/v2\/types\/product"}],"replies":[{"embeddable":true,"href":"https:\/\/www.bobobysag.com\/index.php?rest_route=%2Fwp%2Fv2%2Fcomments&post=2737"}],"version-history":[{"count":1,"href":"https:\/\/www.bobobysag.com\/index.php?rest_route=\/wp\/v2\/product\/2737\/revisions"}],"predecessor-version":[{"id":2739,"href":"https:\/\/www.bobobysag.com\/index.php?rest_route=\/wp\/v2\/product\/2737\/revisions\/2739"}],"wp:featuredmedia":[{"embeddable":true,"href":"https:\/\/www.bobobysag.com\/index.php?rest_route=\/wp\/v2\/media\/2738"}],"wp:attachment":[{"href":"https:\/\/www.bobobysag.com\/index.php?rest_route=%2Fwp%2Fv2%2Fmedia&parent=2737"}],"wp:term":[{"taxonomy":"product_brand","embeddable":true,"href":"https:\/\/www.bobobysag.com\/index.php?rest_route=%2Fwp%2Fv2%2Fproduct_brand&post=2737"},{"taxonomy":"product_cat","embeddable":true,"href":"https:\/\/www.bobobysag.com\/index.php?rest_route=%2Fwp%2Fv2%2Fproduct_cat&post=2737"},{"taxonomy":"product_tag","embeddable":true,"href":"https:\/\/www.bobobysag.com\/index.php?rest_route=%2Fwp%2Fv2%2Fproduct_tag&post=2737"}],"curies":[{"name":"wp","href":"https:\/\/api.w.org\/{rel}","templated":true}]}}