{"id":2718,"date":"2025-11-30T20:50:52","date_gmt":"2025-11-30T19:50:52","guid":{"rendered":"https:\/\/www.bobobysag.com\/?post_type=product&#038;p=2718"},"modified":"2025-12-24T15:01:40","modified_gmt":"2025-12-24T14:01:40","slug":"nuru","status":"publish","type":"product","link":"https:\/\/www.bobobysag.com\/?product=nuru","title":{"rendered":"MAXIMILIANA"},"content":{"rendered":"<div>L\u2019ensemble <span style=\"font-family: var(--font-text); letter-spacing: 0.0135em;\">MAXIMILIAN <\/span><span style=\"font-family: var(--font-text); letter-spacing: 0.0135em;\">est r\u00e9alis\u00e9 dans un brocard bleu profond \u00e0 la texture sculpturale.<\/span><\/div>\n<div>La veste pr\u00e9sente une taille cintr\u00e9e et une basque volumineuse qui cr\u00e9ent une silhouette couture et \u00e9lanc\u00e9e. Les manches longues s\u2019ouvrent en bas pour ajouter un mouvement architectural, signature de la pi\u00e8ce.<\/div>\n<div><\/div>\n<div>La jupe midi, droite et \u00e9pur\u00e9e, \u00e9quilibre parfaitement le volume du haut. Sa fente arri\u00e8re subtile facilite la marche et renforce l\u2019allure moderne et \u00e9l\u00e9gante de l\u2019ensemble.<\/div>\n<div><\/div>\n<div>Nuru est un look fort, lumineux et sophistiqu\u00e9 \u2014 pens\u00e9 pour une pr\u00e9sence impeccable.<\/div>\n<div><\/div>\n<div>D\u00e9tails :<\/div>\n<div>\u2022Brocard textur\u00e9 bleu premium<\/div>\n<div>\u2022Veste cintr\u00e9e avec basque sculpturale<\/div>\n<div>\u2022Manches \u00e9vas\u00e9es couture<\/div>\n<div>\u2022Jupe midi droite avec fente arri\u00e8re<\/div>\n<div>\u2022Silhouette \u00e9quilibr\u00e9e et structur\u00e9e<\/div>\n<div>\u2022Look puissant et raffin\u00e9<\/div>\n","protected":false},"excerpt":{"rendered":"<div>L\u2019ensemble Nuru est r\u00e9alis\u00e9 dans un brocard bleu profond \u00e0 la texture sculpturale.<\/div>\n<div>La veste pr\u00e9sente une taille cintr\u00e9e et une basque volumineuse qui cr\u00e9ent une silhouette couture et \u00e9lanc\u00e9e. Les manches longues s\u2019ouvrent en bas pour ajouter un mouvement architectural, signature de la pi\u00e8ce.<\/div>\n","protected":false},"featured_media":2719,"comment_status":"open","ping_status":"closed","template":"","meta":[],"product_brand":[],"product_cat":[159],"product_tag":[],"class_list":{"0":"post-2718","1":"product","2":"type-product","3":"status-publish","4":"has-post-thumbnail","6":"product_cat-ensembles","8":"first","9":"instock","10":"shipping-taxable","11":"purchasable","12":"product-type-simple"},"_links":{"self":[{"href":"https:\/\/www.bobobysag.com\/index.php?rest_route=\/wp\/v2\/product\/2718","targetHints":{"allow":["GET"]}}],"collection":[{"href":"https:\/\/www.bobobysag.com\/index.php?rest_route=\/wp\/v2\/product"}],"about":[{"href":"https:\/\/www.bobobysag.com\/index.php?rest_route=\/wp\/v2\/types\/product"}],"replies":[{"embeddable":true,"href":"https:\/\/www.bobobysag.com\/index.php?rest_route=%2Fwp%2Fv2%2Fcomments&post=2718"}],"version-history":[{"count":2,"href":"https:\/\/www.bobobysag.com\/index.php?rest_route=\/wp\/v2\/product\/2718\/revisions"}],"predecessor-version":[{"id":2734,"href":"https:\/\/www.bobobysag.com\/index.php?rest_route=\/wp\/v2\/product\/2718\/revisions\/2734"}],"wp:featuredmedia":[{"embeddable":true,"href":"https:\/\/www.bobobysag.com\/index.php?rest_route=\/wp\/v2\/media\/2719"}],"wp:attachment":[{"href":"https:\/\/www.bobobysag.com\/index.php?rest_route=%2Fwp%2Fv2%2Fmedia&parent=2718"}],"wp:term":[{"taxonomy":"product_brand","embeddable":true,"href":"https:\/\/www.bobobysag.com\/index.php?rest_route=%2Fwp%2Fv2%2Fproduct_brand&post=2718"},{"taxonomy":"product_cat","embeddable":true,"href":"https:\/\/www.bobobysag.com\/index.php?rest_route=%2Fwp%2Fv2%2Fproduct_cat&post=2718"},{"taxonomy":"product_tag","embeddable":true,"href":"https:\/\/www.bobobysag.com\/index.php?rest_route=%2Fwp%2Fv2%2Fproduct_tag&post=2718"}],"curies":[{"name":"wp","href":"https:\/\/api.w.org\/{rel}","templated":true}]}}