{"id":2707,"date":"2025-11-30T20:36:50","date_gmt":"2025-11-30T19:36:50","guid":{"rendered":"https:\/\/www.bobobysag.com\/?post_type=product&#038;p=2707"},"modified":"2025-12-24T14:59:42","modified_gmt":"2025-12-24T13:59:42","slug":"zuri","status":"publish","type":"product","link":"https:\/\/www.bobobysag.com\/?product=zuri","title":{"rendered":"ZURI"},"content":{"rendered":"<p class=\"p1\">La veste Zuri est con\u00e7ue dans un brocard bordeaux textur\u00e9 qui capte la lumi\u00e8re et renforce son allure couture. Son col montant apporte une pr\u00e9sence affirm\u00e9e, tandis que la taille marqu\u00e9e et la basque \u00e9vas\u00e9e sculptent une silhouette \u00e9l\u00e9gante et architecturale. Les manches longues s\u2019ouvrent en volants amples, cr\u00e9ant un mouvement dramatique et moderne. Les boutons m\u00e9talliques ajoutent une touche pr\u00e9cieuse et structur\u00e9e.<\/p>\n<p class=\"p1\">D\u00e9tails :<\/p>\n<p class=\"p1\">\u2022 Brocard textur\u00e9 haute qualit\u00e9<\/p>\n<p class=\"p1\">\u2022 Col montant \u00e9l\u00e9gant<\/p>\n<p class=\"p1\">\u2022 Taille cintr\u00e9e<\/p>\n<p class=\"p1\">\u2022 Basque volumineuse effet peplum<\/p>\n<p class=\"p1\">\u2022 Manches \u00e9vas\u00e9es signature<\/p>\n<p class=\"p1\">\u2022 Boutons m\u00e9talliques<\/p>\n<p class=\"p1\">\u2022 Silhouette sculpturale et couture<\/p>\n","protected":false},"excerpt":{"rendered":"<div>La veste Zuri est con\u00e7ue dans un brocard bordeaux textur\u00e9 qui capte la lumi\u00e8re et renforce son allure couture.<\/div>\n<div>Son col montant apporte une pr\u00e9sence affirm\u00e9e, tandis que la taille marqu\u00e9e et la basque \u00e9vas\u00e9e sculptent une silhouette \u00e9l\u00e9gante et architecturale.<\/div>\n<div>Les manches longues s\u2019ouvrent en volants amples, cr\u00e9ant un mouvement dramatique et moderne.<\/div>\n","protected":false},"featured_media":2442,"comment_status":"open","ping_status":"closed","template":"","meta":[],"product_brand":[],"product_cat":[170],"product_tag":[],"class_list":{"0":"post-2707","1":"product","2":"type-product","3":"status-publish","4":"has-post-thumbnail","6":"product_cat-vestes","7":"pa_color-black","8":"pa_color-red","10":"first","11":"instock","12":"shipping-taxable","13":"purchasable","14":"product-type-variable","15":"has-default-attributes"},"_links":{"self":[{"href":"https:\/\/www.bobobysag.com\/index.php?rest_route=\/wp\/v2\/product\/2707","targetHints":{"allow":["GET"]}}],"collection":[{"href":"https:\/\/www.bobobysag.com\/index.php?rest_route=\/wp\/v2\/product"}],"about":[{"href":"https:\/\/www.bobobysag.com\/index.php?rest_route=\/wp\/v2\/types\/product"}],"replies":[{"embeddable":true,"href":"https:\/\/www.bobobysag.com\/index.php?rest_route=%2Fwp%2Fv2%2Fcomments&post=2707"}],"version-history":[{"count":3,"href":"https:\/\/www.bobobysag.com\/index.php?rest_route=\/wp\/v2\/product\/2707\/revisions"}],"predecessor-version":[{"id":2735,"href":"https:\/\/www.bobobysag.com\/index.php?rest_route=\/wp\/v2\/product\/2707\/revisions\/2735"}],"wp:featuredmedia":[{"embeddable":true,"href":"https:\/\/www.bobobysag.com\/index.php?rest_route=\/wp\/v2\/media\/2442"}],"wp:attachment":[{"href":"https:\/\/www.bobobysag.com\/index.php?rest_route=%2Fwp%2Fv2%2Fmedia&parent=2707"}],"wp:term":[{"taxonomy":"product_brand","embeddable":true,"href":"https:\/\/www.bobobysag.com\/index.php?rest_route=%2Fwp%2Fv2%2Fproduct_brand&post=2707"},{"taxonomy":"product_cat","embeddable":true,"href":"https:\/\/www.bobobysag.com\/index.php?rest_route=%2Fwp%2Fv2%2Fproduct_cat&post=2707"},{"taxonomy":"product_tag","embeddable":true,"href":"https:\/\/www.bobobysag.com\/index.php?rest_route=%2Fwp%2Fv2%2Fproduct_tag&post=2707"}],"curies":[{"name":"wp","href":"https:\/\/api.w.org\/{rel}","templated":true}]}}