{"id":2697,"date":"2025-11-30T20:24:57","date_gmt":"2025-11-30T19:24:57","guid":{"rendered":"https:\/\/www.bobobysag.com\/?post_type=product&#038;p=2697"},"modified":"2025-12-24T15:00:48","modified_gmt":"2025-12-24T14:00:48","slug":"senea","status":"publish","type":"product","link":"https:\/\/www.bobobysag.com\/?product=senea","title":{"rendered":"S\u00c9N\u00c9A"},"content":{"rendered":"<div>Robe S\u00c9N\u00c9A<\/div>\n<div><\/div>\n<div>Robe midi en brocard textur\u00e9 bordeaux, sculpt\u00e9e dans une mati\u00e8re noble qui donne relief et pr\u00e9sence.<\/div>\n<div>La coupe cintr\u00e9e \u00e0 la taille met en valeur la silhouette tandis que la jupe ample cr\u00e9e un volume \u00e9l\u00e9gant et structur\u00e9.<\/div>\n<div>L\u2019encolure carr\u00e9e modernise la pi\u00e8ce et affine le port de t\u00eate.<\/div>\n<div>Les manches longues apportent \u00e9quilibre et raffinement, donnant \u00e0 la robe une allure majestueuse, parfaite pour les grands moments.<\/div>\n<div><\/div>\n<div>D\u00e9tails :<\/div>\n<div>\u2022Brocard textur\u00e9 premium<\/div>\n<div>\u2022Encolure carr\u00e9e moderne<\/div>\n<div>\u2022Taille marqu\u00e9e<\/div>\n<div>\u2022Jupe midi ample et sculpturale<\/div>\n<div>\u2022Manches longues \u00e9l\u00e9gantes<\/div>\n<div>\u2022Poches lat\u00e9rales discr\u00e8tes<\/div>\n<div>\u2022Allure couture, f\u00e9minine et intemporelle<\/div>\n","protected":false},"excerpt":{"rendered":"<div><\/div>\n<div>Robe midi en brocard textur\u00e9 bordeaux, sculpt\u00e9e dans une mati\u00e8re noble qui donne relief et pr\u00e9sence.<\/div>\n<div>La coupe cintr\u00e9e \u00e0 la taille met en valeur la silhouette tandis que la jupe ample cr\u00e9e un volume \u00e9l\u00e9gant et structur\u00e9.<\/div>\n","protected":false},"featured_media":2415,"comment_status":"open","ping_status":"closed","template":"","meta":[],"product_brand":[],"product_cat":[158],"product_tag":[],"class_list":{"0":"post-2697","1":"product","2":"type-product","3":"status-publish","4":"has-post-thumbnail","6":"product_cat-robes","8":"first","9":"instock","10":"shipping-taxable","11":"purchasable","12":"product-type-simple"},"_links":{"self":[{"href":"https:\/\/www.bobobysag.com\/index.php?rest_route=\/wp\/v2\/product\/2697","targetHints":{"allow":["GET"]}}],"collection":[{"href":"https:\/\/www.bobobysag.com\/index.php?rest_route=\/wp\/v2\/product"}],"about":[{"href":"https:\/\/www.bobobysag.com\/index.php?rest_route=\/wp\/v2\/types\/product"}],"replies":[{"embeddable":true,"href":"https:\/\/www.bobobysag.com\/index.php?rest_route=%2Fwp%2Fv2%2Fcomments&post=2697"}],"version-history":[{"count":2,"href":"https:\/\/www.bobobysag.com\/index.php?rest_route=\/wp\/v2\/product\/2697\/revisions"}],"predecessor-version":[{"id":2700,"href":"https:\/\/www.bobobysag.com\/index.php?rest_route=\/wp\/v2\/product\/2697\/revisions\/2700"}],"wp:featuredmedia":[{"embeddable":true,"href":"https:\/\/www.bobobysag.com\/index.php?rest_route=\/wp\/v2\/media\/2415"}],"wp:attachment":[{"href":"https:\/\/www.bobobysag.com\/index.php?rest_route=%2Fwp%2Fv2%2Fmedia&parent=2697"}],"wp:term":[{"taxonomy":"product_brand","embeddable":true,"href":"https:\/\/www.bobobysag.com\/index.php?rest_route=%2Fwp%2Fv2%2Fproduct_brand&post=2697"},{"taxonomy":"product_cat","embeddable":true,"href":"https:\/\/www.bobobysag.com\/index.php?rest_route=%2Fwp%2Fv2%2Fproduct_cat&post=2697"},{"taxonomy":"product_tag","embeddable":true,"href":"https:\/\/www.bobobysag.com\/index.php?rest_route=%2Fwp%2Fv2%2Fproduct_tag&post=2697"}],"curies":[{"name":"wp","href":"https:\/\/api.w.org\/{rel}","templated":true}]}}