{"id":2694,"date":"2025-11-30T20:21:26","date_gmt":"2025-11-30T19:21:26","guid":{"rendered":"https:\/\/www.bobobysag.com\/?post_type=product&#038;p=2694"},"modified":"2025-11-30T20:21:57","modified_gmt":"2025-11-30T19:21:57","slug":"ora","status":"publish","type":"product","link":"https:\/\/www.bobobysag.com\/?product=ora","title":{"rendered":"ORA"},"content":{"rendered":"<div>Top blanc textur\u00e9 port\u00e9 en \u00e9paules d\u00e9nud\u00e9es, con\u00e7u dans une mati\u00e8re douce et l\u00e9g\u00e8rement extensible.<\/div>\n<div>Sa coupe enveloppante cr\u00e9e un drap\u00e9 horizontal chic qui met en valeur le haut du buste tout en apportant une allure sophistiqu\u00e9e.<\/div>\n<div>Les manches longues, ajust\u00e9es mais confortables, \u00e9quilibrent le volume du drap\u00e9 et donnent une ligne \u00e9l\u00e9gante et \u00e9lanc\u00e9e.<\/div>\n<div><\/div>\n<div>Une pi\u00e8ce forte, f\u00e9minine et raffin\u00e9e, parfaite pour composer un look moderne, romantique et premium.<\/div>\n<div><\/div>\n<div>D\u00e9tails :<\/div>\n<div>\u2022Mati\u00e8re textur\u00e9e douce et stretch<\/div>\n<div>\u2022Port\u00e9 \u00e9paules d\u00e9nud\u00e9es<\/div>\n<div>\u2022Drap\u00e9 horizontal \u00e9l\u00e9gant<\/div>\n<div>\u2022Manches longues ajust\u00e9es<\/div>\n<div>\u2022Coupe flatteuse et f\u00e9minine<\/div>\n<div>\u2022Style chic et moderne<\/div>\n","protected":false},"excerpt":{"rendered":"<div>Top blanc textur\u00e9 port\u00e9 en \u00e9paules d\u00e9nud\u00e9es, con\u00e7u dans une mati\u00e8re douce et l\u00e9g\u00e8rement extensible.<\/div>\n<div>Sa coupe enveloppante cr\u00e9e un drap\u00e9 horizontal chic qui met en valeur le haut du buste tout en apportant une allure sophistiqu\u00e9e.<\/div>\n","protected":false},"featured_media":2405,"comment_status":"open","ping_status":"closed","template":"","meta":[],"product_brand":[],"product_cat":[169],"product_tag":[],"class_list":{"0":"post-2694","1":"product","2":"type-product","3":"status-publish","4":"has-post-thumbnail","6":"product_cat-tops","8":"first","9":"instock","10":"shipping-taxable","11":"purchasable","12":"product-type-simple"},"_links":{"self":[{"href":"https:\/\/www.bobobysag.com\/index.php?rest_route=\/wp\/v2\/product\/2694","targetHints":{"allow":["GET"]}}],"collection":[{"href":"https:\/\/www.bobobysag.com\/index.php?rest_route=\/wp\/v2\/product"}],"about":[{"href":"https:\/\/www.bobobysag.com\/index.php?rest_route=\/wp\/v2\/types\/product"}],"replies":[{"embeddable":true,"href":"https:\/\/www.bobobysag.com\/index.php?rest_route=%2Fwp%2Fv2%2Fcomments&post=2694"}],"version-history":[{"count":2,"href":"https:\/\/www.bobobysag.com\/index.php?rest_route=\/wp\/v2\/product\/2694\/revisions"}],"predecessor-version":[{"id":2696,"href":"https:\/\/www.bobobysag.com\/index.php?rest_route=\/wp\/v2\/product\/2694\/revisions\/2696"}],"wp:featuredmedia":[{"embeddable":true,"href":"https:\/\/www.bobobysag.com\/index.php?rest_route=\/wp\/v2\/media\/2405"}],"wp:attachment":[{"href":"https:\/\/www.bobobysag.com\/index.php?rest_route=%2Fwp%2Fv2%2Fmedia&parent=2694"}],"wp:term":[{"taxonomy":"product_brand","embeddable":true,"href":"https:\/\/www.bobobysag.com\/index.php?rest_route=%2Fwp%2Fv2%2Fproduct_brand&post=2694"},{"taxonomy":"product_cat","embeddable":true,"href":"https:\/\/www.bobobysag.com\/index.php?rest_route=%2Fwp%2Fv2%2Fproduct_cat&post=2694"},{"taxonomy":"product_tag","embeddable":true,"href":"https:\/\/www.bobobysag.com\/index.php?rest_route=%2Fwp%2Fv2%2Fproduct_tag&post=2694"}],"curies":[{"name":"wp","href":"https:\/\/api.w.org\/{rel}","templated":true}]}}