{"id":2686,"date":"2025-11-30T20:02:34","date_gmt":"2025-11-30T19:02:34","guid":{"rendered":"https:\/\/www.bobobysag.com\/?post_type=product&#038;p=2686"},"modified":"2025-12-03T15:21:52","modified_gmt":"2025-12-03T14:21:52","slug":"amaya","status":"publish","type":"product","link":"https:\/\/www.bobobysag.com\/?product=amaya","title":{"rendered":"Amaya"},"content":{"rendered":"<p class=\"p1\">Ensemble fluide compos\u00e9 d\u2019un haut vaporeux \u00e0 volants superpos\u00e9s et d\u2019un pantalon large pliss\u00e9 au tomb\u00e9 \u00e9l\u00e9gant. Le monochrome bordeaux cr\u00e9e une silhouette allong\u00e9e, moderne et sophistiqu\u00e9e. Un look puissant, confortable et couture.<\/p>\n","protected":false},"excerpt":{"rendered":"<p>Ensemble fluide bordeaux\u00a0: haut vaporeux \u00e0 volants et pantalon large pliss\u00e9. Silhouette allong\u00e9e, moderne et sophistiqu\u00e9e.<\/p>\n","protected":false},"featured_media":2687,"comment_status":"open","ping_status":"closed","template":"","meta":[],"product_brand":[],"product_cat":[159],"product_tag":[],"class_list":{"0":"post-2686","1":"product","2":"type-product","3":"status-publish","4":"has-post-thumbnail","6":"product_cat-ensembles","8":"first","9":"instock","10":"shipping-taxable","11":"purchasable","12":"product-type-simple"},"_links":{"self":[{"href":"https:\/\/www.bobobysag.com\/index.php?rest_route=\/wp\/v2\/product\/2686","targetHints":{"allow":["GET"]}}],"collection":[{"href":"https:\/\/www.bobobysag.com\/index.php?rest_route=\/wp\/v2\/product"}],"about":[{"href":"https:\/\/www.bobobysag.com\/index.php?rest_route=\/wp\/v2\/types\/product"}],"replies":[{"embeddable":true,"href":"https:\/\/www.bobobysag.com\/index.php?rest_route=%2Fwp%2Fv2%2Fcomments&post=2686"}],"version-history":[{"count":4,"href":"https:\/\/www.bobobysag.com\/index.php?rest_route=\/wp\/v2\/product\/2686\/revisions"}],"predecessor-version":[{"id":2736,"href":"https:\/\/www.bobobysag.com\/index.php?rest_route=\/wp\/v2\/product\/2686\/revisions\/2736"}],"wp:featuredmedia":[{"embeddable":true,"href":"https:\/\/www.bobobysag.com\/index.php?rest_route=\/wp\/v2\/media\/2687"}],"wp:attachment":[{"href":"https:\/\/www.bobobysag.com\/index.php?rest_route=%2Fwp%2Fv2%2Fmedia&parent=2686"}],"wp:term":[{"taxonomy":"product_brand","embeddable":true,"href":"https:\/\/www.bobobysag.com\/index.php?rest_route=%2Fwp%2Fv2%2Fproduct_brand&post=2686"},{"taxonomy":"product_cat","embeddable":true,"href":"https:\/\/www.bobobysag.com\/index.php?rest_route=%2Fwp%2Fv2%2Fproduct_cat&post=2686"},{"taxonomy":"product_tag","embeddable":true,"href":"https:\/\/www.bobobysag.com\/index.php?rest_route=%2Fwp%2Fv2%2Fproduct_tag&post=2686"}],"curies":[{"name":"wp","href":"https:\/\/api.w.org\/{rel}","templated":true}]}}