{"id":1729,"date":"2023-04-28T06:22:58","date_gmt":"2023-04-28T06:22:58","guid":{"rendered":"https:\/\/www.bobobysag.com\/?page_id=1729"},"modified":"2025-12-11T16:31:37","modified_gmt":"2025-12-11T15:31:37","slug":"a-propos","status":"publish","type":"page","link":"https:\/\/www.bobobysag.com\/?page_id=1729","title":{"rendered":"A propos"},"content":{"rendered":"\t\t<div data-elementor-type=\"wp-page\" data-elementor-id=\"1729\" class=\"elementor elementor-1729\">\n\t\t\t\t<div class=\"elementor-element elementor-element-be043b5 e-flex e-con-boxed e-con e-parent\" data-id=\"be043b5\" data-element_type=\"container\" data-e-type=\"container\">\n\t\t\t\t\t<div class=\"e-con-inner\">\n\t\t<div class=\"elementor-element elementor-element-9982e94 e-con-full e-flex e-con e-child\" data-id=\"9982e94\" data-element_type=\"container\" data-e-type=\"container\">\n\t\t\t\t<div class=\"elementor-element elementor-element-a4f1130 elementor-widget elementor-widget-heading\" data-id=\"a4f1130\" data-element_type=\"widget\" data-e-type=\"widget\" data-widget_type=\"heading.default\">\n\t\t\t\t\t<span class=\"elementor-heading-title elementor-size-default\">Notre Mission<\/span>\t\t\t\t<\/div>\n\t\t\t\t<div class=\"elementor-element elementor-element-60559a7 elementor-widget elementor-widget-text-editor\" data-id=\"60559a7\" data-element_type=\"widget\" data-e-type=\"widget\" data-widget_type=\"text-editor.default\">\n\t\t\t\t\t\t\t\t\t<p>Offrir \u00e0 chaque femme une \u00e9l\u00e9gance essentielle, ancr\u00e9e dans la qualit\u00e9, la justesse des lignes et la noblesse des mati\u00e8res.<br \/>Bobo by Sag cr\u00e9e des pi\u00e8ces intemporelles, fa\u00e7onn\u00e9es avec un artisanat ma\u00eetris\u00e9 et une esth\u00e9tique minimaliste, pour accompagner la femme moderne dans un vestiaire durable et raffin\u00e9.<\/p><p>Notre mission :<br \/>Elever la simplicit\u00e9, c\u00e9l\u00e9brer l\u2019allure, et proposer un luxe discret qui traverse le temps.<\/p>\t\t\t\t\t\t\t\t<\/div>\n\t\t\t\t<\/div>\n\t\t<div class=\"elementor-element elementor-element-5447273 e-con-full e-flex e-con e-child\" data-id=\"5447273\" data-element_type=\"container\" data-e-type=\"container\" data-settings=\"{&quot;background_background&quot;:&quot;classic&quot;}\">\n\t\t\t\t<div class=\"elementor-element elementor-element-e544f38 elementor-widget elementor-widget-heading\" data-id=\"e544f38\" data-element_type=\"widget\" data-e-type=\"widget\" data-widget_type=\"heading.default\">\n\t\t\t\t\t<span class=\"elementor-heading-title elementor-size-default\">BOBO<\/span>\t\t\t\t<\/div>\n\t\t\t\t<div class=\"elementor-element elementor-element-a506703 elementor-widget elementor-widget-heading\" data-id=\"a506703\" data-element_type=\"widget\" data-e-type=\"widget\" data-widget_type=\"heading.default\">\n\t\t\t\t\t<span class=\"elementor-heading-title elementor-size-default\">CEO<\/span>\t\t\t\t<\/div>\n\t\t\t\t<\/div>\n\t\t\t\t\t<\/div>\n\t\t\t\t<\/div>\n\t\t<div class=\"elementor-element elementor-element-6dc01d7 e-flex e-con-boxed e-con e-parent\" data-id=\"6dc01d7\" data-element_type=\"container\" data-e-type=\"container\">\n\t\t\t\t\t<div class=\"e-con-inner\">\n\t\t<div class=\"elementor-element elementor-element-188d4d2 e-con-full e-flex e-con e-child\" data-id=\"188d4d2\" data-element_type=\"container\" data-e-type=\"container\">\n\t\t\t\t<div class=\"elementor-element elementor-element-c4c7d16 elementor-widget elementor-widget-heading\" data-id=\"c4c7d16\" data-element_type=\"widget\" data-e-type=\"widget\" data-widget_type=\"heading.default\">\n\t\t\t\t\t<span class=\"elementor-heading-title elementor-size-default\">Notre Boutique<\/span>\t\t\t\t<\/div>\n\t\t\t\t<div class=\"elementor-element elementor-element-d852b80 elementor-widget elementor-widget-text-editor\" data-id=\"d852b80\" data-element_type=\"widget\" data-e-type=\"widget\" data-widget_type=\"text-editor.default\">\n\t\t\t\t\t\t\t\t\t<p>La boutique-appartement Bobo by Sag est un espace pens\u00e9 pour offrir une exp\u00e9rience de shopping \u00e9l\u00e9gante et confidentielle.<br \/>Am\u00e9nag\u00e9e comme un appartement chic, elle propose une atmosph\u00e8re calme et raffin\u00e9e.<br \/>La mise en sc\u00e8ne \u00e9pur\u00e9e des pi\u00e8ces cr\u00e9e un lieu o\u00f9 l\u2019on peut prendre le temps de d\u00e9couvrir les collections.<br \/>Chaque v\u00eatement y est pr\u00e9sent\u00e9 avec soin, comme dans un dressing priv\u00e9, permettant d\u2019appr\u00e9cier pleinement les mati\u00e8res, les coupes et les d\u00e9tails.<br \/>La boutique-appartement privil\u00e9gie l\u2019accueil personnalis\u00e9, les essayages en toute tranquillit\u00e9 et une approche sur mesure.<br \/>Elle compl\u00e8te parfaitement la vente en ligne et l\u2019univers digital de la marque, en offrant un contact direct avec les cr\u00e9ations et une immersion dans l\u2019esth\u00e9tique Bobo by Sag.<br \/>Un lieu chic, apaisant, exclusif :<br \/>l\u2019expression physique de l\u2019\u00e9l\u00e9gance Bobo by Sag.<\/p>\t\t\t\t\t\t\t\t<\/div>\n\t\t\t\t<\/div>\n\t\t<div class=\"elementor-element elementor-element-73120e9 e-con-full e-flex e-con e-child\" data-id=\"73120e9\" data-element_type=\"container\" data-e-type=\"container\" data-settings=\"{&quot;background_background&quot;:&quot;classic&quot;}\">\n\t\t<div class=\"elementor-element elementor-element-01d7043 e-con-full e-flex e-con e-child\" data-id=\"01d7043\" data-element_type=\"container\" data-e-type=\"container\" data-settings=\"{&quot;background_background&quot;:&quot;slideshow&quot;,&quot;background_slideshow_gallery&quot;:[{&quot;id&quot;:15,&quot;url&quot;:&quot;https:\\\/\\\/www.bobobysag.com\\\/wp-content\\\/plugins\\\/ideapark-moderno\\\/importer\\\/img\\\/placeholder.svg&quot;},{&quot;id&quot;:15,&quot;url&quot;:&quot;https:\\\/\\\/www.bobobysag.com\\\/wp-content\\\/plugins\\\/ideapark-moderno\\\/importer\\\/img\\\/placeholder.svg&quot;}],&quot;background_slideshow_slide_duration&quot;:3000,&quot;background_slideshow_ken_burns&quot;:&quot;yes&quot;,&quot;background_slideshow_loop&quot;:&quot;yes&quot;,&quot;background_slideshow_slide_transition&quot;:&quot;fade&quot;,&quot;background_slideshow_transition_duration&quot;:500,&quot;background_slideshow_ken_burns_zoom_direction&quot;:&quot;in&quot;}\">\n\t\t\t\t<\/div>\n\t\t\t\t<\/div>\n\t\t\t\t\t<\/div>\n\t\t\t\t<\/div>\n\t\t\t\t<\/div>\n\t\t","protected":false},"excerpt":{"rendered":"<p>Notre Mission Offrir \u00e0 chaque femme une \u00e9l\u00e9gance essentielle, ancr\u00e9e dans la qualit\u00e9, la justesse des lignes et&hellip;<\/p>\n","protected":false},"author":1,"featured_media":0,"parent":0,"menu_order":0,"comment_status":"closed","ping_status":"closed","template":"elementor_header_footer","meta":{"footnotes":""},"class_list":["post-1729","page","type-page","status-publish","hentry"],"_links":{"self":[{"href":"https:\/\/www.bobobysag.com\/index.php?rest_route=\/wp\/v2\/pages\/1729","targetHints":{"allow":["GET"]}}],"collection":[{"href":"https:\/\/www.bobobysag.com\/index.php?rest_route=\/wp\/v2\/pages"}],"about":[{"href":"https:\/\/www.bobobysag.com\/index.php?rest_route=\/wp\/v2\/types\/page"}],"author":[{"embeddable":true,"href":"https:\/\/www.bobobysag.com\/index.php?rest_route=\/wp\/v2\/users\/1"}],"replies":[{"embeddable":true,"href":"https:\/\/www.bobobysag.com\/index.php?rest_route=%2Fwp%2Fv2%2Fcomments&post=1729"}],"version-history":[{"count":7,"href":"https:\/\/www.bobobysag.com\/index.php?rest_route=\/wp\/v2\/pages\/1729\/revisions"}],"predecessor-version":[{"id":2870,"href":"https:\/\/www.bobobysag.com\/index.php?rest_route=\/wp\/v2\/pages\/1729\/revisions\/2870"}],"wp:attachment":[{"href":"https:\/\/www.bobobysag.com\/index.php?rest_route=%2Fwp%2Fv2%2Fmedia&parent=1729"}],"curies":[{"name":"wp","href":"https:\/\/api.w.org\/{rel}","templated":true}]}}